{"id":338,"date":"2021-01-31T19:38:35","date_gmt":"2021-01-31T19:38:35","guid":{"rendered":"https:\/\/gaeapsicologas.com\/blog\/?page_id=338"},"modified":"2021-01-31T19:45:08","modified_gmt":"2021-01-31T19:45:08","slug":"condiciones-de-participacion-con-comentarios","status":"publish","type":"page","link":"https:\/\/gaeapsicologas.com\/blog\/index.php\/condiciones-de-participacion-con-comentarios\/","title":{"rendered":"Condiciones de participaci\u00f3n  con comentarios"},"content":{"rendered":"\n<p>La misi\u00f3n del Blog de Gaea Psic\u00f3logas es educativa e informativa, pero de ning\u00fan modo sustituye el consejo, tratamiento o diagn\u00f3stico entre psic\u00f3logo y paciente. <\/p>\n\n\n\n<p>El uso que realiza el usuario del contenido del portal es responsabilidad del usuario, y que para solucionar las dudas psicol\u00f3gicas siempre, en todo caso, debe buscar nuestro consejo psic\u00f3logo o el de otros psic\u00f3logos, a trav\u00e9s de los canales oficiales donde se establece la relaci\u00f3n \u00abpsic\u00f3logo y paciente\u00bb.<\/p>\n\n\n\n<p><\/p>\n\n\n\n<p class=\"has-medium-font-size\"><strong>El foro (zona de comentarios) de cada post te ofrece:<\/strong><\/p>\n\n\n\n<p><strong>1. <\/strong>  Un lugar neutral donde compartir de forma desinteresada tus vivencias, motivaciones y dudas. <\/p>\n\n\n\n<p><strong>2.<\/strong>   Una gesti\u00f3n honesta, confidencial, segura y clara de la informaci\u00f3n que tenemos sobre ti y sobre tus comentarios.<\/p>\n\n\n\n<p><strong>3. <\/strong>  Informaci\u00f3n de calidad para tomar decisiones (incluso la de interrumpir o no llevar a cabo un proceso legal).<\/p>\n\n\n\n<p><strong>4.<\/strong>   Un servicio de atenci\u00f3n para escuchar lo que nos tengas que decir.<\/p>\n\n\n\n<p><\/p>\n\n\n\n<p class=\"has-medium-font-size\"><strong>Como usuario te pedimos<\/strong>:<\/p>\n\n\n\n<p><strong>1.<\/strong>  Que los comentarios y las experiencias que incluyas sean reales y propias, no relativas a amigos o familiares. <\/p>\n\n\n\n<p><strong>2.<\/strong>  No exageres ni escondas informaci\u00f3n importante. Tampoco pueden ser textos u opiniones copiados o con derechos de autor. <\/p>\n\n\n\n<p><strong>3. <\/strong> No postees spam, ni dupliques comentarios, ni hagas comentarios fuera de la tem\u00e1tica que se est\u00e1 tocando, no trolees ni escribas en may\u00fasculas.<\/p>\n\n\n\n<p><strong>4.<\/strong>  No cites, alientes ni promuevas pr\u00e1cticas, tratamientos o actitudes insanas o ilegales. <\/p>\n\n\n\n<p><strong>5.<\/strong> Nunca utilices el portal con finalidades sexuales o para citas. <\/p>\n\n\n\n<p><strong>6.<\/strong>  Quedan totalmente prohibidos los comentarios racistas, clasistas, sexistas, sexualmente expl\u00edcitos o, en general, intolerantes. <\/p>\n\n\n\n<p><strong>7. <\/strong> Est\u00e1 prohibida la promoci\u00f3n de la anorexia y cualquier otro trastorno psicol\u00f3gico de la alimentaci\u00f3n o de la pr\u00e1ctica deportiva. <\/p>\n\n\n\n<p><strong>8.<\/strong>  Est\u00e1 prohibida la suplantaci\u00f3n de personalidad o la extracci\u00f3n de contenido mediante robots, scraping, miner\u00eda de datos u otras t\u00e9cnicas.<\/p>\n\n\n\n<p><strong>9.<\/strong>  No utilices tus datos de contacto ni datos personales que puedan poner en peligro tu privacidad.<\/p>\n\n\n\n<p><strong>10. <\/strong>No postees si eres menor de edad.<\/p>\n\n\n\n<p><strong>11.<\/strong> Trata a los dem\u00e1s como te gustar\u00eda ser tratado, sin ofender ni atacar personalmente a nadie.<\/p>\n","protected":false},"excerpt":{"rendered":"<p>La misi\u00f3n del Blog de Gaea Psic\u00f3logas es educativa e informativa, pero de ning\u00fan modo sustituye el consejo, tratamiento o diagn\u00f3stico entre psic\u00f3logo y paciente. El uso que realiza el usuario del contenido del portal es responsabilidad del usuario, y que para solucionar las dudas psicol\u00f3gicas siempre, en todo caso, debe buscar nuestro consejo psic\u00f3logo [&hellip;]<\/p>\n","protected":false},"author":1,"featured_media":0,"parent":0,"menu_order":0,"comment_status":"closed","ping_status":"closed","template":"","meta":{"footnotes":""},"class_list":["post-338","page","type-page","status-publish","hentry"],"yoast_head":"<!-- This site is optimized with the Yoast SEO plugin v16.2 - https:\/\/yoast.com\/wordpress\/plugins\/seo\/ -->\n<title>Condiciones de participaci\u00f3n con comentarios -<\/title>\n<meta name=\"robots\" content=\"index, follow, max-snippet:-1, max-image-preview:large, max-video-preview:-1\" \/>\n<link rel=\"canonical\" href=\"https:\/\/gaeapsicologas.com\/blog\/index.php\/condiciones-de-participacion-con-comentarios\/\" \/>\n<meta property=\"og:locale\" content=\"es_ES\" \/>\n<meta property=\"og:type\" content=\"article\" \/>\n<meta property=\"og:title\" content=\"Condiciones de participaci\u00f3n con comentarios -\" \/>\n<meta property=\"og:description\" content=\"La misi\u00f3n del Blog de Gaea Psic\u00f3logas es educativa e informativa, pero de ning\u00fan modo sustituye el consejo, tratamiento o diagn\u00f3stico entre psic\u00f3logo y paciente. El uso que realiza el usuario del contenido del portal es responsabilidad del usuario, y que para solucionar las dudas psicol\u00f3gicas siempre, en todo caso, debe buscar nuestro consejo psic\u00f3logo [&hellip;]\" \/>\n<meta property=\"og:url\" content=\"https:\/\/gaeapsicologas.com\/blog\/index.php\/condiciones-de-participacion-con-comentarios\/\" \/>\n<meta property=\"article:modified_time\" content=\"2021-01-31T19:45:08+00:00\" \/>\n<meta name=\"twitter:card\" content=\"summary_large_image\" \/>\n<meta name=\"twitter:label1\" content=\"Tiempo de lectura\">\n\t<meta name=\"twitter:data1\" content=\"2 minutos\">\n<script type=\"application\/ld+json\" class=\"yoast-schema-graph\">{\"@context\":\"https:\/\/schema.org\",\"@graph\":[{\"@type\":\"WebSite\",\"@id\":\"https:\/\/gaeapsicologas.com\/blog\/#website\",\"url\":\"https:\/\/gaeapsicologas.com\/blog\/\",\"name\":\"\",\"description\":\"Blog de Psicolog\\u00eda y Crecimiento\",\"potentialAction\":[{\"@type\":\"SearchAction\",\"target\":\"https:\/\/gaeapsicologas.com\/blog\/?s={search_term_string}\",\"query-input\":\"required name=search_term_string\"}],\"inLanguage\":\"es\"},{\"@type\":\"WebPage\",\"@id\":\"https:\/\/gaeapsicologas.com\/blog\/index.php\/condiciones-de-participacion-con-comentarios\/#webpage\",\"url\":\"https:\/\/gaeapsicologas.com\/blog\/index.php\/condiciones-de-participacion-con-comentarios\/\",\"name\":\"Condiciones de participaci\\u00f3n con comentarios -\",\"isPartOf\":{\"@id\":\"https:\/\/gaeapsicologas.com\/blog\/#website\"},\"datePublished\":\"2021-01-31T19:38:35+00:00\",\"dateModified\":\"2021-01-31T19:45:08+00:00\",\"breadcrumb\":{\"@id\":\"https:\/\/gaeapsicologas.com\/blog\/index.php\/condiciones-de-participacion-con-comentarios\/#breadcrumb\"},\"inLanguage\":\"es\",\"potentialAction\":[{\"@type\":\"ReadAction\",\"target\":[\"https:\/\/gaeapsicologas.com\/blog\/index.php\/condiciones-de-participacion-con-comentarios\/\"]}]},{\"@type\":\"BreadcrumbList\",\"@id\":\"https:\/\/gaeapsicologas.com\/blog\/index.php\/condiciones-de-participacion-con-comentarios\/#breadcrumb\",\"itemListElement\":[{\"@type\":\"ListItem\",\"position\":1,\"item\":{\"@type\":\"WebPage\",\"@id\":\"https:\/\/gaeapsicologas.com\/blog\/\",\"url\":\"https:\/\/gaeapsicologas.com\/blog\/\",\"name\":\"Portada\"}},{\"@type\":\"ListItem\",\"position\":2,\"item\":{\"@id\":\"https:\/\/gaeapsicologas.com\/blog\/index.php\/condiciones-de-participacion-con-comentarios\/#webpage\"}}]}]}<\/script>\n<!-- \/ Yoast SEO plugin. -->","_links":{"self":[{"href":"https:\/\/gaeapsicologas.com\/blog\/index.php\/wp-json\/wp\/v2\/pages\/338","targetHints":{"allow":["GET"]}}],"collection":[{"href":"https:\/\/gaeapsicologas.com\/blog\/index.php\/wp-json\/wp\/v2\/pages"}],"about":[{"href":"https:\/\/gaeapsicologas.com\/blog\/index.php\/wp-json\/wp\/v2\/types\/page"}],"author":[{"embeddable":true,"href":"https:\/\/gaeapsicologas.com\/blog\/index.php\/wp-json\/wp\/v2\/users\/1"}],"replies":[{"embeddable":true,"href":"https:\/\/gaeapsicologas.com\/blog\/index.php\/wp-json\/wp\/v2\/comments?post=338"}],"version-history":[{"count":3,"href":"https:\/\/gaeapsicologas.com\/blog\/index.php\/wp-json\/wp\/v2\/pages\/338\/revisions"}],"predecessor-version":[{"id":342,"href":"https:\/\/gaeapsicologas.com\/blog\/index.php\/wp-json\/wp\/v2\/pages\/338\/revisions\/342"}],"wp:attachment":[{"href":"https:\/\/gaeapsicologas.com\/blog\/index.php\/wp-json\/wp\/v2\/media?parent=338"}],"curies":[{"name":"wp","href":"https:\/\/api.w.org\/{rel}","templated":true}]}}